{"id":259,"date":"2019-02-05T19:40:22","date_gmt":"2019-02-05T18:40:22","guid":{"rendered":"http:\/\/www.iledere-decouverte.com\/?page_id=259"},"modified":"2024-04-02T16:47:16","modified_gmt":"2024-04-02T14:47:16","slug":"mes-livres","status":"publish","type":"page","link":"https:\/\/www.iledere-decouverte.com\/index.php\/mes-livres\/","title":{"rendered":"Mes livres"},"content":{"rendered":"<div class=\"fusion-fullwidth fullwidth-box fusion-builder-row-1 nonhundred-percent-fullwidth non-hundred-percent-height-scrolling\" style=\"--awb-border-radius-top-left:0px;--awb-border-radius-top-right:0px;--awb-border-radius-bottom-right:0px;--awb-border-radius-bottom-left:0px;--awb-flex-wrap:wrap;\" ><div class=\"fusion-builder-row fusion-row\"><div class=\"fusion-layout-column fusion_builder_column fusion-builder-column-0 fusion_builder_column_1_1 1_1 fusion-one-full fusion-column-first fusion-column-last\" style=\"--awb-bg-size:cover;\"><div class=\"fusion-column-wrapper fusion-flex-column-wrapper-legacy\"><div class=\"fusion-text fusion-text-1 awb-text-cols fusion-text-columns-2\" style=\"--awb-columns:2;--awb-column-spacing:2em;--awb-column-min-width:100px;\"><h1><span style=\"color: #f8a543;\"><strong>Mes livres<br \/>\n<\/strong><\/span><\/h1>\n<h2><span style=\"color: #545454;\"><strong><em>Pour en savoir plus&#8230;<\/em><\/strong><\/span><\/h2>\n<\/div><div class=\"fusion-text fusion-text-2\"><p><strong>D<\/strong>isponibles dans les maisons de la presse et les librairies<\/p>\n<\/div><div class=\"fusion-recent-posts fusion-recent-posts-1 avada-container layout-default layout-columns-4 fusion-recent-posts-center\"><section class=\"fusion-columns columns fusion-columns-4 columns-4\"><article class=\"post fusion-column column col col-lg-3 col-md-3 col-sm-3 fusion-animated\" data-animationType=\"fadeInUp\" data-animationDuration=\"0.6\" data-animationOffset=\"top-into-view\"><div class=\"fusion-flexslider fusion-flexslider-loading flexslider flexslider-hover-type-liftup\"><ul class=\"slides\"><li><a href=\"https:\/\/www.iledere-decouverte.com\/index.php\/2019\/02\/10\/guide-des-oiseaux-de-lile-de-re-2\/\" aria-label=\"\u00cele de R\u00e9. Guide de visite\" class=\"hover-type-liftup\"><img decoding=\"async\" width=\"800\" height=\"989\" src=\"https:\/\/www.iledere-decouverte.com\/wp-content\/uploads\/2019\/02\/guidedevisite01.jpg\" class=\"attachment-full size-full\" alt=\"\" srcset=\"https:\/\/www.iledere-decouverte.com\/wp-content\/uploads\/2019\/02\/guidedevisite01-200x247.jpg 200w, https:\/\/www.iledere-decouverte.com\/wp-content\/uploads\/2019\/02\/guidedevisite01-400x495.jpg 400w, https:\/\/www.iledere-decouverte.com\/wp-content\/uploads\/2019\/02\/guidedevisite01-600x742.jpg 600w, https:\/\/www.iledere-decouverte.com\/wp-content\/uploads\/2019\/02\/guidedevisite01.jpg 800w\" sizes=\"(min-width: 2200px) 100vw, (min-width: 856px) 253px, (min-width: 784px) 337px, (min-width: 712px) 505px, (min-width: 640px) 712px, \" \/><\/a><\/li><\/ul><\/div><div class=\"recent-posts-content\"><span class=\"vcard\" style=\"display: none;\"><span class=\"fn\"><a href=\"https:\/\/www.iledere-decouverte.com\/index.php\/author\/herve\/\" title=\"Articles par herve\" rel=\"author\">herve<\/a><\/span><\/span><span class=\"updated\" style=\"display:none;\">2019-02-10T17:18:57+01:00<\/span><h4 class=\"entry-title\"><a href=\"https:\/\/www.iledere-decouverte.com\/index.php\/2019\/02\/10\/guide-des-oiseaux-de-lile-de-re-2\/\">\u00cele de R\u00e9. Guide de visite<\/a><\/h4><\/div><\/article><article class=\"post fusion-column column col col-lg-3 col-md-3 col-sm-3 fusion-animated\" data-animationType=\"fadeInUp\" data-animationDuration=\"0.6\" data-animationOffset=\"top-into-view\"><div class=\"fusion-flexslider fusion-flexslider-loading flexslider flexslider-hover-type-liftup\"><ul class=\"slides\"><li><a href=\"https:\/\/www.iledere-decouverte.com\/index.php\/2019\/02\/08\/guide-des-oiseaux-de-lile-de-re\/\" aria-label=\"Guide des oiseaux de l&rsquo;\u00eele de R\u00e9\" class=\"hover-type-liftup\"><img decoding=\"async\" width=\"800\" height=\"1324\" src=\"https:\/\/www.iledere-decouverte.com\/wp-content\/uploads\/2019\/02\/guide-oiseaux-de-re01.jpg\" class=\"attachment-full size-full\" alt=\"\" srcset=\"https:\/\/www.iledere-decouverte.com\/wp-content\/uploads\/2019\/02\/guide-oiseaux-de-re01-200x331.jpg 200w, https:\/\/www.iledere-decouverte.com\/wp-content\/uploads\/2019\/02\/guide-oiseaux-de-re01-400x662.jpg 400w, https:\/\/www.iledere-decouverte.com\/wp-content\/uploads\/2019\/02\/guide-oiseaux-de-re01-600x993.jpg 600w, https:\/\/www.iledere-decouverte.com\/wp-content\/uploads\/2019\/02\/guide-oiseaux-de-re01.jpg 800w\" sizes=\"(min-width: 2200px) 100vw, (min-width: 856px) 253px, (min-width: 784px) 337px, (min-width: 712px) 505px, (min-width: 640px) 712px, \" \/><\/a><\/li><\/ul><\/div><div class=\"recent-posts-content\"><span class=\"vcard\" style=\"display: none;\"><span class=\"fn\"><a href=\"https:\/\/www.iledere-decouverte.com\/index.php\/author\/herve\/\" title=\"Articles par herve\" rel=\"author\">herve<\/a><\/span><\/span><span class=\"updated\" style=\"display:none;\">2019-02-08T17:20:12+01:00<\/span><h4 class=\"entry-title\"><a href=\"https:\/\/www.iledere-decouverte.com\/index.php\/2019\/02\/08\/guide-des-oiseaux-de-lile-de-re\/\">Guide des oiseaux de l&rsquo;\u00eele de R\u00e9<\/a><\/h4><\/div><\/article><article class=\"post fusion-column column col col-lg-3 col-md-3 col-sm-3 fusion-animated\" data-animationType=\"fadeInUp\" data-animationDuration=\"0.6\" data-animationOffset=\"top-into-view\"><div class=\"fusion-flexslider fusion-flexslider-loading flexslider flexslider-hover-type-liftup\"><ul class=\"slides\"><li><a href=\"https:\/\/www.iledere-decouverte.com\/index.php\/2019\/02\/08\/guide-de-la-faune-et-de-la-flore-du-littoral-manche-atlantique\/\" aria-label=\"Guide de la faune et de la flore du littoral Manche-Atlantique\" class=\"hover-type-liftup\"><img decoding=\"async\" width=\"739\" height=\"1230\" src=\"https:\/\/www.iledere-decouverte.com\/wp-content\/uploads\/2019\/02\/Couverture-faune-flore-2024.jpg\" class=\"attachment-full size-full\" alt=\"\" srcset=\"https:\/\/www.iledere-decouverte.com\/wp-content\/uploads\/2019\/02\/Couverture-faune-flore-2024-200x333.jpg 200w, https:\/\/www.iledere-decouverte.com\/wp-content\/uploads\/2019\/02\/Couverture-faune-flore-2024-400x666.jpg 400w, https:\/\/www.iledere-decouverte.com\/wp-content\/uploads\/2019\/02\/Couverture-faune-flore-2024-600x999.jpg 600w, https:\/\/www.iledere-decouverte.com\/wp-content\/uploads\/2019\/02\/Couverture-faune-flore-2024.jpg 739w\" sizes=\"(min-width: 2200px) 100vw, (min-width: 856px) 253px, (min-width: 784px) 337px, (min-width: 712px) 505px, (min-width: 640px) 712px, \" \/><\/a><\/li><\/ul><\/div><div class=\"recent-posts-content\"><span class=\"vcard\" style=\"display: none;\"><span class=\"fn\"><a href=\"https:\/\/www.iledere-decouverte.com\/index.php\/author\/herve\/\" title=\"Articles par herve\" rel=\"author\">herve<\/a><\/span><\/span><span class=\"updated\" style=\"display:none;\">2026-01-08T19:24:48+01:00<\/span><h4 class=\"entry-title\"><a href=\"https:\/\/www.iledere-decouverte.com\/index.php\/2019\/02\/08\/guide-de-la-faune-et-de-la-flore-du-littoral-manche-atlantique\/\">Guide de la faune et de la flore du littoral Manche-Atlantique<\/a><\/h4><\/div><\/article><article class=\"post fusion-column column col col-lg-3 col-md-3 col-sm-3 fusion-animated\" data-animationType=\"fadeInUp\" data-animationDuration=\"0.6\" data-animationOffset=\"top-into-view\"><div class=\"fusion-flexslider fusion-flexslider-loading flexslider flexslider-hover-type-liftup\"><ul class=\"slides\"><li><a href=\"https:\/\/www.iledere-decouverte.com\/index.php\/2019\/02\/05\/dictionnaire-de-lile-de-re\/\" aria-label=\"Dictionnaire de l\u2019\u00eele de R\u00e9\" class=\"hover-type-liftup\"><img decoding=\"async\" width=\"1808\" height=\"2560\" src=\"https:\/\/www.iledere-decouverte.com\/wp-content\/uploads\/2019\/02\/Couv-Dico-Re-2023-scaled.jpg\" class=\"attachment-full size-full\" alt=\"\" srcset=\"https:\/\/www.iledere-decouverte.com\/wp-content\/uploads\/2019\/02\/Couv-Dico-Re-2023-200x283.jpg 200w, https:\/\/www.iledere-decouverte.com\/wp-content\/uploads\/2019\/02\/Couv-Dico-Re-2023-400x566.jpg 400w, https:\/\/www.iledere-decouverte.com\/wp-content\/uploads\/2019\/02\/Couv-Dico-Re-2023-600x850.jpg 600w, https:\/\/www.iledere-decouverte.com\/wp-content\/uploads\/2019\/02\/Couv-Dico-Re-2023-800x1133.jpg 800w, https:\/\/www.iledere-decouverte.com\/wp-content\/uploads\/2019\/02\/Couv-Dico-Re-2023-1200x1699.jpg 1200w, https:\/\/www.iledere-decouverte.com\/wp-content\/uploads\/2019\/02\/Couv-Dico-Re-2023-scaled.jpg 1808w\" sizes=\"(min-width: 2200px) 100vw, (min-width: 856px) 253px, (min-width: 784px) 337px, (min-width: 712px) 505px, (min-width: 640px) 712px, \" \/><\/a><\/li><\/ul><\/div><div class=\"recent-posts-content\"><span class=\"vcard\" style=\"display: none;\"><span class=\"fn\"><a href=\"https:\/\/www.iledere-decouverte.com\/index.php\/author\/herve\/\" title=\"Articles par herve\" rel=\"author\">herve<\/a><\/span><\/span><span class=\"updated\" style=\"display:none;\">2026-01-08T19:19:54+01:00<\/span><h4 class=\"entry-title\"><a href=\"https:\/\/www.iledere-decouverte.com\/index.php\/2019\/02\/05\/dictionnaire-de-lile-de-re\/\">Dictionnaire de l\u2019\u00eele de R\u00e9<\/a><\/h4><\/div><\/article><article class=\"post fusion-column column col col-lg-3 col-md-3 col-sm-3 fusion-animated\" data-animationType=\"fadeInUp\" data-animationDuration=\"0.6\" data-animationOffset=\"top-into-view\"><div class=\"fusion-flexslider fusion-flexslider-loading flexslider flexslider-hover-type-liftup\"><ul class=\"slides\"><li><a href=\"https:\/\/www.iledere-decouverte.com\/index.php\/2019\/02\/05\/ile-de-re-petits-secrets-et-grandes-histoires\/\" aria-label=\"\u00cele de R\u00e9 Petits secrets et grandes histoires\" class=\"hover-type-liftup\"><img decoding=\"async\" width=\"800\" height=\"1112\" src=\"https:\/\/www.iledere-decouverte.com\/wp-content\/uploads\/2019\/02\/petits-secrets-et-grandes-histoires-1.jpg\" class=\"attachment-full size-full\" alt=\"\" srcset=\"https:\/\/www.iledere-decouverte.com\/wp-content\/uploads\/2019\/02\/petits-secrets-et-grandes-histoires-1-200x278.jpg 200w, https:\/\/www.iledere-decouverte.com\/wp-content\/uploads\/2019\/02\/petits-secrets-et-grandes-histoires-1-400x556.jpg 400w, https:\/\/www.iledere-decouverte.com\/wp-content\/uploads\/2019\/02\/petits-secrets-et-grandes-histoires-1-600x834.jpg 600w, https:\/\/www.iledere-decouverte.com\/wp-content\/uploads\/2019\/02\/petits-secrets-et-grandes-histoires-1.jpg 800w\" sizes=\"(min-width: 2200px) 100vw, (min-width: 856px) 253px, (min-width: 784px) 337px, (min-width: 712px) 505px, (min-width: 640px) 712px, \" \/><\/a><\/li><\/ul><\/div><div class=\"recent-posts-content\"><span class=\"vcard\" style=\"display: none;\"><span class=\"fn\"><a href=\"https:\/\/www.iledere-decouverte.com\/index.php\/author\/herve\/\" title=\"Articles par herve\" rel=\"author\">herve<\/a><\/span><\/span><span class=\"updated\" style=\"display:none;\">2019-02-05T20:04:36+01:00<\/span><h4 class=\"entry-title\"><a href=\"https:\/\/www.iledere-decouverte.com\/index.php\/2019\/02\/05\/ile-de-re-petits-secrets-et-grandes-histoires\/\">\u00cele de R\u00e9 Petits secrets et grandes histoires<\/a><\/h4><\/div><\/article><\/section><\/div><div class=\"fusion-clearfix\"><\/div><\/div><\/div><\/div><\/div>\n","protected":false},"excerpt":{"rendered":"","protected":false},"author":1,"featured_media":0,"parent":0,"menu_order":0,"comment_status":"closed","ping_status":"closed","template":"","meta":{"footnotes":""},"class_list":["post-259","page","type-page","status-publish","hentry"],"yoast_head":"<!-- This site is optimized with the Yoast SEO plugin v24.9 - https:\/\/yoast.com\/wordpress\/plugins\/seo\/ -->\n<title>Mes livres - Ile de R\u00e9 D\u00e9couverte<\/title>\n<meta name=\"robots\" content=\"index, follow, max-snippet:-1, max-image-preview:large, max-video-preview:-1\" \/>\n<link rel=\"canonical\" href=\"https:\/\/www.iledere-decouverte.com\/index.php\/mes-livres\/\" \/>\n<meta property=\"og:locale\" content=\"fr_FR\" \/>\n<meta property=\"og:type\" content=\"article\" \/>\n<meta property=\"og:title\" content=\"Mes livres - Ile de R\u00e9 D\u00e9couverte\" \/>\n<meta property=\"og:url\" content=\"https:\/\/www.iledere-decouverte.com\/index.php\/mes-livres\/\" \/>\n<meta property=\"og:site_name\" content=\"Ile de R\u00e9 D\u00e9couverte\" \/>\n<meta property=\"article:publisher\" content=\"https:\/\/www.facebook.com\/ilederedecouverte\/\" \/>\n<meta property=\"article:modified_time\" content=\"2024-04-02T14:47:16+00:00\" \/>\n<meta name=\"twitter:card\" content=\"summary_large_image\" \/>\n<meta name=\"twitter:label1\" content=\"Dur\u00e9e de lecture estim\u00e9e\" \/>\n\t<meta name=\"twitter:data1\" content=\"1 minute\" \/>\n<script type=\"application\/ld+json\" class=\"yoast-schema-graph\">{\"@context\":\"https:\/\/schema.org\",\"@graph\":[{\"@type\":\"WebPage\",\"@id\":\"https:\/\/www.iledere-decouverte.com\/index.php\/mes-livres\/\",\"url\":\"https:\/\/www.iledere-decouverte.com\/index.php\/mes-livres\/\",\"name\":\"Mes livres - Ile de R\u00e9 D\u00e9couverte\",\"isPartOf\":{\"@id\":\"https:\/\/www.iledere-decouverte.com\/#website\"},\"datePublished\":\"2019-02-05T18:40:22+00:00\",\"dateModified\":\"2024-04-02T14:47:16+00:00\",\"breadcrumb\":{\"@id\":\"https:\/\/www.iledere-decouverte.com\/index.php\/mes-livres\/#breadcrumb\"},\"inLanguage\":\"fr-FR\",\"potentialAction\":[{\"@type\":\"ReadAction\",\"target\":[\"https:\/\/www.iledere-decouverte.com\/index.php\/mes-livres\/\"]}]},{\"@type\":\"BreadcrumbList\",\"@id\":\"https:\/\/www.iledere-decouverte.com\/index.php\/mes-livres\/#breadcrumb\",\"itemListElement\":[{\"@type\":\"ListItem\",\"position\":1,\"name\":\"Home\",\"item\":\"https:\/\/www.iledere-decouverte.com\/\"},{\"@type\":\"ListItem\",\"position\":2,\"name\":\"Mes livres\"}]},{\"@type\":\"WebSite\",\"@id\":\"https:\/\/www.iledere-decouverte.com\/#website\",\"url\":\"https:\/\/www.iledere-decouverte.com\/\",\"name\":\"Ile de R\u00e9 D\u00e9couverte\",\"description\":\"Sorties d\u00e9couverte pour les promeneurs curieux sur l&#039;Ile de R\u00e9\",\"publisher\":{\"@id\":\"https:\/\/www.iledere-decouverte.com\/#organization\"},\"potentialAction\":[{\"@type\":\"SearchAction\",\"target\":{\"@type\":\"EntryPoint\",\"urlTemplate\":\"https:\/\/www.iledere-decouverte.com\/?s={search_term_string}\"},\"query-input\":{\"@type\":\"PropertyValueSpecification\",\"valueRequired\":true,\"valueName\":\"search_term_string\"}}],\"inLanguage\":\"fr-FR\"},{\"@type\":\"Organization\",\"@id\":\"https:\/\/www.iledere-decouverte.com\/#organization\",\"name\":\"Ile de R\u00e9 D\u00e9couverte\",\"url\":\"https:\/\/www.iledere-decouverte.com\/\",\"logo\":{\"@type\":\"ImageObject\",\"inLanguage\":\"fr-FR\",\"@id\":\"https:\/\/www.iledere-decouverte.com\/#\/schema\/logo\/image\/\",\"url\":\"http:\/\/www.iledere-decouverte.com\/wp-content\/uploads\/2019\/01\/ilederedecouverte-logo-s.png\",\"contentUrl\":\"http:\/\/www.iledere-decouverte.com\/wp-content\/uploads\/2019\/01\/ilederedecouverte-logo-s.png\",\"width\":276,\"height\":100,\"caption\":\"Ile de R\u00e9 D\u00e9couverte\"},\"image\":{\"@id\":\"https:\/\/www.iledere-decouverte.com\/#\/schema\/logo\/image\/\"},\"sameAs\":[\"https:\/\/www.facebook.com\/ilederedecouverte\/\"]}]}<\/script>\n<!-- \/ Yoast SEO plugin. -->","yoast_head_json":{"title":"Mes livres - Ile de R\u00e9 D\u00e9couverte","robots":{"index":"index","follow":"follow","max-snippet":"max-snippet:-1","max-image-preview":"max-image-preview:large","max-video-preview":"max-video-preview:-1"},"canonical":"https:\/\/www.iledere-decouverte.com\/index.php\/mes-livres\/","og_locale":"fr_FR","og_type":"article","og_title":"Mes livres - Ile de R\u00e9 D\u00e9couverte","og_url":"https:\/\/www.iledere-decouverte.com\/index.php\/mes-livres\/","og_site_name":"Ile de R\u00e9 D\u00e9couverte","article_publisher":"https:\/\/www.facebook.com\/ilederedecouverte\/","article_modified_time":"2024-04-02T14:47:16+00:00","twitter_card":"summary_large_image","twitter_misc":{"Dur\u00e9e de lecture estim\u00e9e":"1 minute"},"schema":{"@context":"https:\/\/schema.org","@graph":[{"@type":"WebPage","@id":"https:\/\/www.iledere-decouverte.com\/index.php\/mes-livres\/","url":"https:\/\/www.iledere-decouverte.com\/index.php\/mes-livres\/","name":"Mes livres - Ile de R\u00e9 D\u00e9couverte","isPartOf":{"@id":"https:\/\/www.iledere-decouverte.com\/#website"},"datePublished":"2019-02-05T18:40:22+00:00","dateModified":"2024-04-02T14:47:16+00:00","breadcrumb":{"@id":"https:\/\/www.iledere-decouverte.com\/index.php\/mes-livres\/#breadcrumb"},"inLanguage":"fr-FR","potentialAction":[{"@type":"ReadAction","target":["https:\/\/www.iledere-decouverte.com\/index.php\/mes-livres\/"]}]},{"@type":"BreadcrumbList","@id":"https:\/\/www.iledere-decouverte.com\/index.php\/mes-livres\/#breadcrumb","itemListElement":[{"@type":"ListItem","position":1,"name":"Home","item":"https:\/\/www.iledere-decouverte.com\/"},{"@type":"ListItem","position":2,"name":"Mes livres"}]},{"@type":"WebSite","@id":"https:\/\/www.iledere-decouverte.com\/#website","url":"https:\/\/www.iledere-decouverte.com\/","name":"Ile de R\u00e9 D\u00e9couverte","description":"Sorties d\u00e9couverte pour les promeneurs curieux sur l&#039;Ile de R\u00e9","publisher":{"@id":"https:\/\/www.iledere-decouverte.com\/#organization"},"potentialAction":[{"@type":"SearchAction","target":{"@type":"EntryPoint","urlTemplate":"https:\/\/www.iledere-decouverte.com\/?s={search_term_string}"},"query-input":{"@type":"PropertyValueSpecification","valueRequired":true,"valueName":"search_term_string"}}],"inLanguage":"fr-FR"},{"@type":"Organization","@id":"https:\/\/www.iledere-decouverte.com\/#organization","name":"Ile de R\u00e9 D\u00e9couverte","url":"https:\/\/www.iledere-decouverte.com\/","logo":{"@type":"ImageObject","inLanguage":"fr-FR","@id":"https:\/\/www.iledere-decouverte.com\/#\/schema\/logo\/image\/","url":"http:\/\/www.iledere-decouverte.com\/wp-content\/uploads\/2019\/01\/ilederedecouverte-logo-s.png","contentUrl":"http:\/\/www.iledere-decouverte.com\/wp-content\/uploads\/2019\/01\/ilederedecouverte-logo-s.png","width":276,"height":100,"caption":"Ile de R\u00e9 D\u00e9couverte"},"image":{"@id":"https:\/\/www.iledere-decouverte.com\/#\/schema\/logo\/image\/"},"sameAs":["https:\/\/www.facebook.com\/ilederedecouverte\/"]}]}},"_links":{"self":[{"href":"https:\/\/www.iledere-decouverte.com\/index.php\/wp-json\/wp\/v2\/pages\/259","targetHints":{"allow":["GET"]}}],"collection":[{"href":"https:\/\/www.iledere-decouverte.com\/index.php\/wp-json\/wp\/v2\/pages"}],"about":[{"href":"https:\/\/www.iledere-decouverte.com\/index.php\/wp-json\/wp\/v2\/types\/page"}],"author":[{"embeddable":true,"href":"https:\/\/www.iledere-decouverte.com\/index.php\/wp-json\/wp\/v2\/users\/1"}],"replies":[{"embeddable":true,"href":"https:\/\/www.iledere-decouverte.com\/index.php\/wp-json\/wp\/v2\/comments?post=259"}],"version-history":[{"count":11,"href":"https:\/\/www.iledere-decouverte.com\/index.php\/wp-json\/wp\/v2\/pages\/259\/revisions"}],"predecessor-version":[{"id":998,"href":"https:\/\/www.iledere-decouverte.com\/index.php\/wp-json\/wp\/v2\/pages\/259\/revisions\/998"}],"wp:attachment":[{"href":"https:\/\/www.iledere-decouverte.com\/index.php\/wp-json\/wp\/v2\/media?parent=259"}],"curies":[{"name":"wp","href":"https:\/\/api.w.org\/{rel}","templated":true}]}}